{"id":16,"date":"2025-06-15T14:13:22","date_gmt":"2025-06-15T12:13:22","guid":{"rendered":"http:\/\/localhost\/naturwerk.ch\/wordpress\/?page_id=16"},"modified":"2025-06-15T14:13:22","modified_gmt":"2025-06-15T12:13:22","slug":"impressum","status":"publish","type":"page","link":"https:\/\/new.natur-werk.ch\/?page_id=16","title":{"rendered":"Impressum"},"content":{"rendered":"\n<h2 class=\"wp-block-heading\">Kontaktadresse<\/h2>\n\n\n\n<p>Natur-Werk Massivholzm\u00f6bel GmbH<\/p>\n\n\n\n<p>Hauptgasse 14<\/p>\n\n\n\n<p>9620 lichtensteig<\/p>\n\n\n\n<p>071 ??? ?? ??<\/p>\n\n\n\n<p>info@natur-werk.ch<\/p>\n\n\n\n<h2 class=\"wp-block-heading\">Konzept, Design und Umsetzung<\/h2>\n\n\n\n<p>Thomas Br\u00e4ndle<\/p>\n\n\n\n<p><a href=\"http:\/\/www.thomas-braendle.com\" target=\"_blank\" rel=\"noreferrer noopener\">www.thomas-braendle.com<\/a><\/p>\n\n\n\n<h2 class=\"wp-block-heading\">Copyright<\/h2>\n\n\n\n<p>S\u00e4mtliche auf www.natur-werk.ch verwendeten Inhalte d\u00fcrfen weder kopiert noch anderweitig verwendet werden. Das Copyright liegt bei Natur-Werk Massivholzm\u00f6bel GmbH.<\/p>\n","protected":false},"excerpt":{"rendered":"<p>Kontaktadresse Natur-Werk Massivholzm\u00f6bel GmbH Hauptgasse 14 9620 lichtensteig 071 ??? ?? ?? info@natur-werk.ch Konzept, Design und Umsetzung Thomas Br\u00e4ndle www.thomas-braendle.com Copyright S\u00e4mtliche auf www.natur-werk.ch verwendeten Inhalte d\u00fcrfen weder kopiert noch anderweitig verwendet werden. Das Copyright liegt bei Natur-Werk Massivholzm\u00f6bel GmbH.<\/p>\n","protected":false},"author":1,"featured_media":0,"parent":0,"menu_order":0,"comment_status":"closed","ping_status":"closed","template":"","meta":{"footnotes":""},"class_list":["post-16","page","type-page","status-publish","hentry"],"_links":{"self":[{"href":"https:\/\/new.natur-werk.ch\/index.php?rest_route=\/wp\/v2\/pages\/16","targetHints":{"allow":["GET"]}}],"collection":[{"href":"https:\/\/new.natur-werk.ch\/index.php?rest_route=\/wp\/v2\/pages"}],"about":[{"href":"https:\/\/new.natur-werk.ch\/index.php?rest_route=\/wp\/v2\/types\/page"}],"author":[{"embeddable":true,"href":"https:\/\/new.natur-werk.ch\/index.php?rest_route=\/wp\/v2\/users\/1"}],"replies":[{"embeddable":true,"href":"https:\/\/new.natur-werk.ch\/index.php?rest_route=%2Fwp%2Fv2%2Fcomments&post=16"}],"version-history":[{"count":0,"href":"https:\/\/new.natur-werk.ch\/index.php?rest_route=\/wp\/v2\/pages\/16\/revisions"}],"wp:attachment":[{"href":"https:\/\/new.natur-werk.ch\/index.php?rest_route=%2Fwp%2Fv2%2Fmedia&parent=16"}],"curies":[{"name":"wp","href":"https:\/\/api.w.org\/{rel}","templated":true}]}}